{"id":239503,"date":"2025-04-11T14:43:04","date_gmt":"2025-04-11T12:43:04","guid":{"rendered":"https:\/\/agarabenidorm.com\/producto\/dikso-blonde-decolorante-10-tonos-gris-500-gr\/"},"modified":"2026-04-01T17:03:04","modified_gmt":"2026-04-01T15:03:04","slug":"dikso-blonde-decolorante-10-tonos-gris-500-gr","status":"publish","type":"product","link":"https:\/\/agarabenidorm.com\/en\/producto\/dikso-blonde-decolorante-10-tonos-gris-500-gr\/","title":{"rendered":"DIKSO BLONDE  DECOLORANTE 10 TONOS GRIS 500 GR"},"content":{"rendered":"<p>POLVO DECOLORANTE COMPACTO GRIS MEJORADO<br \/>\nNIVELES DE DECOLORACI\u00d3N:hasta 10 niveles<br \/>\nMICRO-PIGMENTOS:gris<br \/>\nACCI\u00d3N:matizadora r\u00e1pida, anti amarillo, anti&#8211;naranja<br \/>\nEFECTO: rubio ceniza<br \/>\nPRINCIPIOS ACTIVOS: plex y carb\u00f3n vegano<br \/>\nTODAS LAS T\u00c9CNICAS de DECOLORACI\u00d3N MIX : 1:2<\/p>\n","protected":false},"excerpt":{"rendered":"<p>POLVO DECOLORANTE COMPACTO GRIS MEJORADO NIVELES DE DECOLORACI\u00d3N:hasta 10 niveles MICRO-PIGMENTOS:gris ACCI\u00d3N:matizadora r\u00e1pida, anti amarillo, anti&#8211;naranja EFECTO: rubio ceniza PRINCIPIOS ACTIVOS: plex y carb\u00f3n vegano TODAS LAS T\u00c9CNICAS de DECOLORACI\u00d3N MIX : 1:2<\/p>\n","protected":false},"featured_media":252905,"comment_status":"open","ping_status":"closed","template":"","meta":{"_acf_changed":false},"product_brand":[479],"product_cat":[404],"product_tag":[],"class_list":{"0":"post-239503","1":"product","2":"type-product","3":"status-publish","4":"has-post-thumbnail","6":"product_brand-dikson","7":"product_cat-10-tonos","9":"first","10":"instock","11":"taxable","12":"shipping-taxable","13":"purchasable","14":"product-type-simple"},"acf":[],"yoast_head":"<!-- This site is optimized with the Yoast SEO plugin v27.2 - https:\/\/yoast.com\/product\/yoast-seo-wordpress\/ -->\n<title>DIKSO BLONDE DECOLORANTE 10 TONOS GRIS 500 GR - Agarabenidorm.com - Centro formaci\u00f3n y tienda de belleza<\/title>\n<meta name=\"robots\" content=\"index, follow, max-snippet:-1, max-image-preview:large, max-video-preview:-1\" \/>\n<link rel=\"canonical\" href=\"https:\/\/agarabenidorm.com\/producto\/dikso-blonde-decolorante-10-tonos-gris-500-gr\/\" \/>\n<meta property=\"og:locale\" content=\"en_US\" \/>\n<meta property=\"og:type\" content=\"article\" \/>\n<meta property=\"og:title\" content=\"DIKSO BLONDE DECOLORANTE 10 TONOS GRIS 500 GR - Agarabenidorm.com - Centro formaci\u00f3n y tienda de belleza\" \/>\n<meta property=\"og:description\" content=\"POLVO DECOLORANTE COMPACTO GRIS MEJORADO NIVELES DE DECOLORACI\u00d3N:hasta 10 niveles MICRO-PIGMENTOS:gris ACCI\u00d3N:matizadora r\u00e1pida, anti amarillo, anti&#8211;naranja EFECTO: rubio ceniza PRINCIPIOS ACTIVOS: plex y carb\u00f3n vegano TODAS LAS T\u00c9CNICAS de DECOLORACI\u00d3N MIX : 1:2\" \/>\n<meta property=\"og:url\" content=\"https:\/\/agarabenidorm.com\/producto\/dikso-blonde-decolorante-10-tonos-gris-500-gr\/\" \/>\n<meta property=\"og:site_name\" content=\"Agarabenidorm.com - Centro formaci\u00f3n y tienda de belleza\" \/>\n<meta property=\"article:modified_time\" content=\"2026-04-01T15:03:04+00:00\" \/>\n<meta property=\"og:image\" content=\"https:\/\/agarabenidorm.com\/wp-content\/uploads\/2025\/11\/dk0704-1.jpg\" \/>\n\t<meta property=\"og:image:width\" content=\"768\" \/>\n\t<meta property=\"og:image:height\" content=\"1024\" \/>\n\t<meta property=\"og:image:type\" content=\"image\/jpeg\" \/>\n<meta name=\"twitter:card\" content=\"summary_large_image\" \/>\n<script type=\"application\/ld+json\" class=\"yoast-schema-graph\">{\"@context\":\"https:\/\/schema.org\",\"@graph\":[{\"@type\":\"WebPage\",\"@id\":\"https:\/\/agarabenidorm.com\/producto\/dikso-blonde-decolorante-10-tonos-gris-500-gr\/\",\"url\":\"https:\/\/agarabenidorm.com\/producto\/dikso-blonde-decolorante-10-tonos-gris-500-gr\/\",\"name\":\"DIKSO BLONDE DECOLORANTE 10 TONOS GRIS 500 GR - Agarabenidorm.com - Centro formaci\u00f3n y tienda de belleza\",\"isPartOf\":{\"@id\":\"https:\/\/agarabenidorm.com\/#website\"},\"primaryImageOfPage\":{\"@id\":\"https:\/\/agarabenidorm.com\/producto\/dikso-blonde-decolorante-10-tonos-gris-500-gr\/#primaryimage\"},\"image\":{\"@id\":\"https:\/\/agarabenidorm.com\/producto\/dikso-blonde-decolorante-10-tonos-gris-500-gr\/#primaryimage\"},\"thumbnailUrl\":\"https:\/\/agarabenidorm.com\/wp-content\/uploads\/2025\/11\/dk0704-1.jpg\",\"datePublished\":\"2025-04-11T12:43:04+00:00\",\"dateModified\":\"2026-04-01T15:03:04+00:00\",\"breadcrumb\":{\"@id\":\"https:\/\/agarabenidorm.com\/producto\/dikso-blonde-decolorante-10-tonos-gris-500-gr\/#breadcrumb\"},\"inLanguage\":\"en-US\",\"potentialAction\":[{\"@type\":\"ReadAction\",\"target\":[\"https:\/\/agarabenidorm.com\/producto\/dikso-blonde-decolorante-10-tonos-gris-500-gr\/\"]}]},{\"@type\":\"ImageObject\",\"inLanguage\":\"en-US\",\"@id\":\"https:\/\/agarabenidorm.com\/producto\/dikso-blonde-decolorante-10-tonos-gris-500-gr\/#primaryimage\",\"url\":\"https:\/\/agarabenidorm.com\/wp-content\/uploads\/2025\/11\/dk0704-1.jpg\",\"contentUrl\":\"https:\/\/agarabenidorm.com\/wp-content\/uploads\/2025\/11\/dk0704-1.jpg\",\"width\":768,\"height\":1024},{\"@type\":\"BreadcrumbList\",\"@id\":\"https:\/\/agarabenidorm.com\/producto\/dikso-blonde-decolorante-10-tonos-gris-500-gr\/#breadcrumb\",\"itemListElement\":[{\"@type\":\"ListItem\",\"position\":1,\"name\":\"Portada\",\"item\":\"https:\/\/agarabenidorm.com\/\"},{\"@type\":\"ListItem\",\"position\":2,\"name\":\"Tienda\",\"item\":\"https:\/\/agarabenidorm.com\/tienda\/\"},{\"@type\":\"ListItem\",\"position\":3,\"name\":\"DIKSO BLONDE DECOLORANTE 10 TONOS GRIS 500 GR\"}]},{\"@type\":\"WebSite\",\"@id\":\"https:\/\/agarabenidorm.com\/#website\",\"url\":\"https:\/\/agarabenidorm.com\/\",\"name\":\"Agarabenidorm.com - Centro formaci\u00f3n y tienda de belleza\",\"description\":\"Empresa de formaci\u00f3n y distribuci\u00f3n de productos peluquer\u00eda y est\u00e9tica\",\"potentialAction\":[{\"@type\":\"SearchAction\",\"target\":{\"@type\":\"EntryPoint\",\"urlTemplate\":\"https:\/\/agarabenidorm.com\/?s={search_term_string}\"},\"query-input\":{\"@type\":\"PropertyValueSpecification\",\"valueRequired\":true,\"valueName\":\"search_term_string\"}}],\"inLanguage\":\"en-US\"}]}<\/script>\n<!-- \/ Yoast SEO plugin. -->","yoast_head_json":{"title":"DIKSO BLONDE DECOLORANTE 10 TONOS GRIS 500 GR - Agarabenidorm.com - Centro formaci\u00f3n y tienda de belleza","robots":{"index":"index","follow":"follow","max-snippet":"max-snippet:-1","max-image-preview":"max-image-preview:large","max-video-preview":"max-video-preview:-1"},"canonical":"https:\/\/agarabenidorm.com\/producto\/dikso-blonde-decolorante-10-tonos-gris-500-gr\/","og_locale":"en_US","og_type":"article","og_title":"DIKSO BLONDE DECOLORANTE 10 TONOS GRIS 500 GR - Agarabenidorm.com - Centro formaci\u00f3n y tienda de belleza","og_description":"POLVO DECOLORANTE COMPACTO GRIS MEJORADO NIVELES DE DECOLORACI\u00d3N:hasta 10 niveles MICRO-PIGMENTOS:gris ACCI\u00d3N:matizadora r\u00e1pida, anti amarillo, anti&#8211;naranja EFECTO: rubio ceniza PRINCIPIOS ACTIVOS: plex y carb\u00f3n vegano TODAS LAS T\u00c9CNICAS de DECOLORACI\u00d3N MIX : 1:2","og_url":"https:\/\/agarabenidorm.com\/producto\/dikso-blonde-decolorante-10-tonos-gris-500-gr\/","og_site_name":"Agarabenidorm.com - Centro formaci\u00f3n y tienda de belleza","article_modified_time":"2026-04-01T15:03:04+00:00","og_image":[{"width":768,"height":1024,"url":"https:\/\/agarabenidorm.com\/wp-content\/uploads\/2025\/11\/dk0704-1.jpg","type":"image\/jpeg"}],"twitter_card":"summary_large_image","schema":{"@context":"https:\/\/schema.org","@graph":[{"@type":"WebPage","@id":"https:\/\/agarabenidorm.com\/producto\/dikso-blonde-decolorante-10-tonos-gris-500-gr\/","url":"https:\/\/agarabenidorm.com\/producto\/dikso-blonde-decolorante-10-tonos-gris-500-gr\/","name":"DIKSO BLONDE DECOLORANTE 10 TONOS GRIS 500 GR - Agarabenidorm.com - Centro formaci\u00f3n y tienda de belleza","isPartOf":{"@id":"https:\/\/agarabenidorm.com\/#website"},"primaryImageOfPage":{"@id":"https:\/\/agarabenidorm.com\/producto\/dikso-blonde-decolorante-10-tonos-gris-500-gr\/#primaryimage"},"image":{"@id":"https:\/\/agarabenidorm.com\/producto\/dikso-blonde-decolorante-10-tonos-gris-500-gr\/#primaryimage"},"thumbnailUrl":"https:\/\/agarabenidorm.com\/wp-content\/uploads\/2025\/11\/dk0704-1.jpg","datePublished":"2025-04-11T12:43:04+00:00","dateModified":"2026-04-01T15:03:04+00:00","breadcrumb":{"@id":"https:\/\/agarabenidorm.com\/producto\/dikso-blonde-decolorante-10-tonos-gris-500-gr\/#breadcrumb"},"inLanguage":"en-US","potentialAction":[{"@type":"ReadAction","target":["https:\/\/agarabenidorm.com\/producto\/dikso-blonde-decolorante-10-tonos-gris-500-gr\/"]}]},{"@type":"ImageObject","inLanguage":"en-US","@id":"https:\/\/agarabenidorm.com\/producto\/dikso-blonde-decolorante-10-tonos-gris-500-gr\/#primaryimage","url":"https:\/\/agarabenidorm.com\/wp-content\/uploads\/2025\/11\/dk0704-1.jpg","contentUrl":"https:\/\/agarabenidorm.com\/wp-content\/uploads\/2025\/11\/dk0704-1.jpg","width":768,"height":1024},{"@type":"BreadcrumbList","@id":"https:\/\/agarabenidorm.com\/producto\/dikso-blonde-decolorante-10-tonos-gris-500-gr\/#breadcrumb","itemListElement":[{"@type":"ListItem","position":1,"name":"Portada","item":"https:\/\/agarabenidorm.com\/"},{"@type":"ListItem","position":2,"name":"Tienda","item":"https:\/\/agarabenidorm.com\/tienda\/"},{"@type":"ListItem","position":3,"name":"DIKSO BLONDE DECOLORANTE 10 TONOS GRIS 500 GR"}]},{"@type":"WebSite","@id":"https:\/\/agarabenidorm.com\/#website","url":"https:\/\/agarabenidorm.com\/","name":"Agarabenidorm.com - Centro formaci\u00f3n y tienda de belleza","description":"Empresa de formaci\u00f3n y distribuci\u00f3n de productos peluquer\u00eda y est\u00e9tica","potentialAction":[{"@type":"SearchAction","target":{"@type":"EntryPoint","urlTemplate":"https:\/\/agarabenidorm.com\/?s={search_term_string}"},"query-input":{"@type":"PropertyValueSpecification","valueRequired":true,"valueName":"search_term_string"}}],"inLanguage":"en-US"}]}},"_links":{"self":[{"href":"https:\/\/agarabenidorm.com\/en\/wp-json\/wp\/v2\/product\/239503","targetHints":{"allow":["GET"]}}],"collection":[{"href":"https:\/\/agarabenidorm.com\/en\/wp-json\/wp\/v2\/product"}],"about":[{"href":"https:\/\/agarabenidorm.com\/en\/wp-json\/wp\/v2\/types\/product"}],"replies":[{"embeddable":true,"href":"https:\/\/agarabenidorm.com\/en\/wp-json\/wp\/v2\/comments?post=239503"}],"wp:featuredmedia":[{"embeddable":true,"href":"https:\/\/agarabenidorm.com\/en\/wp-json\/wp\/v2\/media\/252905"}],"wp:attachment":[{"href":"https:\/\/agarabenidorm.com\/en\/wp-json\/wp\/v2\/media?parent=239503"}],"wp:term":[{"taxonomy":"product_brand","embeddable":true,"href":"https:\/\/agarabenidorm.com\/en\/wp-json\/wp\/v2\/product_brand?post=239503"},{"taxonomy":"product_cat","embeddable":true,"href":"https:\/\/agarabenidorm.com\/en\/wp-json\/wp\/v2\/product_cat?post=239503"},{"taxonomy":"product_tag","embeddable":true,"href":"https:\/\/agarabenidorm.com\/en\/wp-json\/wp\/v2\/product_tag?post=239503"}],"curies":[{"name":"wp","href":"https:\/\/api.w.org\/{rel}","templated":true}]}}