{"id":247063,"date":"2025-06-02T13:03:26","date_gmt":"2025-06-02T11:03:26","guid":{"rendered":"https:\/\/agarabenidorm.com\/producto\/everygreen-regenerante-tratamiento-booster-intensivo-18-x-10-ml\/"},"modified":"2026-03-26T10:59:00","modified_gmt":"2026-03-26T09:59:00","slug":"everygreen-regenerante-tratamiento-booster-intensivo-18-x-10-ml","status":"publish","type":"product","link":"https:\/\/agarabenidorm.com\/en\/producto\/everygreen-regenerante-tratamiento-booster-intensivo-18-x-10-ml\/","title":{"rendered":"EVERYGREEN REGENERANTE TRATAMIENTO BOOSTER INTENSIVO 18 X 10 ML"},"content":{"rendered":"<p>La soluci\u00f3n para cabellos da\u00f1ados por tratamientos qu\u00edmicos, alisados, permanentes, decoloraciones y agentes atmosf\u00e9ricos agresivos como el sol y el viento. Tratamiento de reconstrucci\u00f3n instant\u00e1nea para cabello da\u00f1ado. <\/p>\n<p>Ideal para: cabello da\u00f1ado,<\/p>\n","protected":false},"excerpt":{"rendered":"<p>La soluci\u00f3n para cabellos da\u00f1ados por tratamientos qu\u00edmicos, alisados, permanentes, decoloraciones y agentes atmosf\u00e9ricos agresivos como el sol y el viento. Tratamiento de reconstrucci\u00f3n instant\u00e1nea para cabello da\u00f1ado. Ideal para: cabello da\u00f1ado,<\/p>\n","protected":false},"featured_media":254073,"comment_status":"open","ping_status":"closed","template":"","meta":{"_acf_changed":false},"product_brand":[478],"product_cat":[406],"product_tag":[],"class_list":{"0":"post-247063","1":"product","2":"type-product","3":"status-publish","4":"has-post-thumbnail","6":"product_brand-everygreen","7":"product_cat-tratamiento-bio","9":"first","10":"instock","11":"taxable","12":"shipping-taxable","13":"purchasable","14":"product-type-simple"},"acf":[],"yoast_head":"<!-- This site is optimized with the Yoast SEO plugin v27.3 - https:\/\/yoast.com\/product\/yoast-seo-wordpress\/ -->\n<title>EVERYGREEN REGENERANTE TRATAMIENTO BOOSTER INTENSIVO 18 X 10 ML - Agarabenidorm.com - Centro formaci\u00f3n y tienda de belleza<\/title>\n<meta name=\"robots\" content=\"index, follow, max-snippet:-1, max-image-preview:large, max-video-preview:-1\" \/>\n<link rel=\"canonical\" href=\"https:\/\/agarabenidorm.com\/producto\/everygreen-regenerante-tratamiento-booster-intensivo-18-x-10-ml\/\" \/>\n<meta property=\"og:locale\" content=\"en_US\" \/>\n<meta property=\"og:type\" content=\"article\" \/>\n<meta property=\"og:title\" content=\"EVERYGREEN REGENERANTE TRATAMIENTO BOOSTER INTENSIVO 18 X 10 ML - Agarabenidorm.com - Centro formaci\u00f3n y tienda de belleza\" \/>\n<meta property=\"og:description\" content=\"La soluci\u00f3n para cabellos da\u00f1ados por tratamientos qu\u00edmicos, alisados, permanentes, decoloraciones y agentes atmosf\u00e9ricos agresivos como el sol y el viento. Tratamiento de reconstrucci\u00f3n instant\u00e1nea para cabello da\u00f1ado. Ideal para: cabello da\u00f1ado,\" \/>\n<meta property=\"og:url\" content=\"https:\/\/agarabenidorm.com\/producto\/everygreen-regenerante-tratamiento-booster-intensivo-18-x-10-ml\/\" \/>\n<meta property=\"og:site_name\" content=\"Agarabenidorm.com - Centro formaci\u00f3n y tienda de belleza\" \/>\n<meta property=\"article:modified_time\" content=\"2026-03-26T09:59:00+00:00\" \/>\n<meta property=\"og:image\" content=\"https:\/\/agarabenidorm.com\/wp-content\/uploads\/2025\/11\/dk6072-1.jpg\" \/>\n\t<meta property=\"og:image:width\" content=\"768\" \/>\n\t<meta property=\"og:image:height\" content=\"1024\" \/>\n\t<meta property=\"og:image:type\" content=\"image\/jpeg\" \/>\n<meta name=\"twitter:card\" content=\"summary_large_image\" \/>\n<script type=\"application\/ld+json\" class=\"yoast-schema-graph\">{\"@context\":\"https:\\\/\\\/schema.org\",\"@graph\":[{\"@type\":\"WebPage\",\"@id\":\"https:\\\/\\\/agarabenidorm.com\\\/producto\\\/everygreen-regenerante-tratamiento-booster-intensivo-18-x-10-ml\\\/\",\"url\":\"https:\\\/\\\/agarabenidorm.com\\\/producto\\\/everygreen-regenerante-tratamiento-booster-intensivo-18-x-10-ml\\\/\",\"name\":\"EVERYGREEN REGENERANTE TRATAMIENTO BOOSTER INTENSIVO 18 X 10 ML - Agarabenidorm.com - Centro formaci\u00f3n y tienda de belleza\",\"isPartOf\":{\"@id\":\"https:\\\/\\\/agarabenidorm.com\\\/#website\"},\"primaryImageOfPage\":{\"@id\":\"https:\\\/\\\/agarabenidorm.com\\\/producto\\\/everygreen-regenerante-tratamiento-booster-intensivo-18-x-10-ml\\\/#primaryimage\"},\"image\":{\"@id\":\"https:\\\/\\\/agarabenidorm.com\\\/producto\\\/everygreen-regenerante-tratamiento-booster-intensivo-18-x-10-ml\\\/#primaryimage\"},\"thumbnailUrl\":\"https:\\\/\\\/agarabenidorm.com\\\/wp-content\\\/uploads\\\/2025\\\/11\\\/dk6072-1.jpg\",\"datePublished\":\"2025-06-02T11:03:26+00:00\",\"dateModified\":\"2026-03-26T09:59:00+00:00\",\"breadcrumb\":{\"@id\":\"https:\\\/\\\/agarabenidorm.com\\\/producto\\\/everygreen-regenerante-tratamiento-booster-intensivo-18-x-10-ml\\\/#breadcrumb\"},\"inLanguage\":\"en-US\",\"potentialAction\":[{\"@type\":\"ReadAction\",\"target\":[\"https:\\\/\\\/agarabenidorm.com\\\/producto\\\/everygreen-regenerante-tratamiento-booster-intensivo-18-x-10-ml\\\/\"]}]},{\"@type\":\"ImageObject\",\"inLanguage\":\"en-US\",\"@id\":\"https:\\\/\\\/agarabenidorm.com\\\/producto\\\/everygreen-regenerante-tratamiento-booster-intensivo-18-x-10-ml\\\/#primaryimage\",\"url\":\"https:\\\/\\\/agarabenidorm.com\\\/wp-content\\\/uploads\\\/2025\\\/11\\\/dk6072-1.jpg\",\"contentUrl\":\"https:\\\/\\\/agarabenidorm.com\\\/wp-content\\\/uploads\\\/2025\\\/11\\\/dk6072-1.jpg\",\"width\":768,\"height\":1024},{\"@type\":\"BreadcrumbList\",\"@id\":\"https:\\\/\\\/agarabenidorm.com\\\/producto\\\/everygreen-regenerante-tratamiento-booster-intensivo-18-x-10-ml\\\/#breadcrumb\",\"itemListElement\":[{\"@type\":\"ListItem\",\"position\":1,\"name\":\"Portada\",\"item\":\"https:\\\/\\\/agarabenidorm.com\\\/\"},{\"@type\":\"ListItem\",\"position\":2,\"name\":\"Tienda\",\"item\":\"https:\\\/\\\/agarabenidorm.com\\\/tienda\\\/\"},{\"@type\":\"ListItem\",\"position\":3,\"name\":\"EVERYGREEN REGENERANTE TRATAMIENTO BOOSTER INTENSIVO 18 X 10 ML\"}]},{\"@type\":\"WebSite\",\"@id\":\"https:\\\/\\\/agarabenidorm.com\\\/#website\",\"url\":\"https:\\\/\\\/agarabenidorm.com\\\/\",\"name\":\"Agarabenidorm.com - Centro formaci\u00f3n y tienda de belleza\",\"description\":\"Empresa de formaci\u00f3n y distribuci\u00f3n de productos peluquer\u00eda y est\u00e9tica\",\"potentialAction\":[{\"@type\":\"SearchAction\",\"target\":{\"@type\":\"EntryPoint\",\"urlTemplate\":\"https:\\\/\\\/agarabenidorm.com\\\/?s={search_term_string}\"},\"query-input\":{\"@type\":\"PropertyValueSpecification\",\"valueRequired\":true,\"valueName\":\"search_term_string\"}}],\"inLanguage\":\"en-US\"}]}<\/script>\n<!-- \/ Yoast SEO plugin. -->","yoast_head_json":{"title":"EVERYGREEN REGENERANTE TRATAMIENTO BOOSTER INTENSIVO 18 X 10 ML - Agarabenidorm.com - Centro formaci\u00f3n y tienda de belleza","robots":{"index":"index","follow":"follow","max-snippet":"max-snippet:-1","max-image-preview":"max-image-preview:large","max-video-preview":"max-video-preview:-1"},"canonical":"https:\/\/agarabenidorm.com\/producto\/everygreen-regenerante-tratamiento-booster-intensivo-18-x-10-ml\/","og_locale":"en_US","og_type":"article","og_title":"EVERYGREEN REGENERANTE TRATAMIENTO BOOSTER INTENSIVO 18 X 10 ML - Agarabenidorm.com - Centro formaci\u00f3n y tienda de belleza","og_description":"La soluci\u00f3n para cabellos da\u00f1ados por tratamientos qu\u00edmicos, alisados, permanentes, decoloraciones y agentes atmosf\u00e9ricos agresivos como el sol y el viento. Tratamiento de reconstrucci\u00f3n instant\u00e1nea para cabello da\u00f1ado. Ideal para: cabello da\u00f1ado,","og_url":"https:\/\/agarabenidorm.com\/producto\/everygreen-regenerante-tratamiento-booster-intensivo-18-x-10-ml\/","og_site_name":"Agarabenidorm.com - Centro formaci\u00f3n y tienda de belleza","article_modified_time":"2026-03-26T09:59:00+00:00","og_image":[{"width":768,"height":1024,"url":"https:\/\/agarabenidorm.com\/wp-content\/uploads\/2025\/11\/dk6072-1.jpg","type":"image\/jpeg"}],"twitter_card":"summary_large_image","schema":{"@context":"https:\/\/schema.org","@graph":[{"@type":"WebPage","@id":"https:\/\/agarabenidorm.com\/producto\/everygreen-regenerante-tratamiento-booster-intensivo-18-x-10-ml\/","url":"https:\/\/agarabenidorm.com\/producto\/everygreen-regenerante-tratamiento-booster-intensivo-18-x-10-ml\/","name":"EVERYGREEN REGENERANTE TRATAMIENTO BOOSTER INTENSIVO 18 X 10 ML - Agarabenidorm.com - Centro formaci\u00f3n y tienda de belleza","isPartOf":{"@id":"https:\/\/agarabenidorm.com\/#website"},"primaryImageOfPage":{"@id":"https:\/\/agarabenidorm.com\/producto\/everygreen-regenerante-tratamiento-booster-intensivo-18-x-10-ml\/#primaryimage"},"image":{"@id":"https:\/\/agarabenidorm.com\/producto\/everygreen-regenerante-tratamiento-booster-intensivo-18-x-10-ml\/#primaryimage"},"thumbnailUrl":"https:\/\/agarabenidorm.com\/wp-content\/uploads\/2025\/11\/dk6072-1.jpg","datePublished":"2025-06-02T11:03:26+00:00","dateModified":"2026-03-26T09:59:00+00:00","breadcrumb":{"@id":"https:\/\/agarabenidorm.com\/producto\/everygreen-regenerante-tratamiento-booster-intensivo-18-x-10-ml\/#breadcrumb"},"inLanguage":"en-US","potentialAction":[{"@type":"ReadAction","target":["https:\/\/agarabenidorm.com\/producto\/everygreen-regenerante-tratamiento-booster-intensivo-18-x-10-ml\/"]}]},{"@type":"ImageObject","inLanguage":"en-US","@id":"https:\/\/agarabenidorm.com\/producto\/everygreen-regenerante-tratamiento-booster-intensivo-18-x-10-ml\/#primaryimage","url":"https:\/\/agarabenidorm.com\/wp-content\/uploads\/2025\/11\/dk6072-1.jpg","contentUrl":"https:\/\/agarabenidorm.com\/wp-content\/uploads\/2025\/11\/dk6072-1.jpg","width":768,"height":1024},{"@type":"BreadcrumbList","@id":"https:\/\/agarabenidorm.com\/producto\/everygreen-regenerante-tratamiento-booster-intensivo-18-x-10-ml\/#breadcrumb","itemListElement":[{"@type":"ListItem","position":1,"name":"Portada","item":"https:\/\/agarabenidorm.com\/"},{"@type":"ListItem","position":2,"name":"Tienda","item":"https:\/\/agarabenidorm.com\/tienda\/"},{"@type":"ListItem","position":3,"name":"EVERYGREEN REGENERANTE TRATAMIENTO BOOSTER INTENSIVO 18 X 10 ML"}]},{"@type":"WebSite","@id":"https:\/\/agarabenidorm.com\/#website","url":"https:\/\/agarabenidorm.com\/","name":"Agarabenidorm.com - Centro formaci\u00f3n y tienda de belleza","description":"Empresa de formaci\u00f3n y distribuci\u00f3n de productos peluquer\u00eda y est\u00e9tica","potentialAction":[{"@type":"SearchAction","target":{"@type":"EntryPoint","urlTemplate":"https:\/\/agarabenidorm.com\/?s={search_term_string}"},"query-input":{"@type":"PropertyValueSpecification","valueRequired":true,"valueName":"search_term_string"}}],"inLanguage":"en-US"}]}},"_links":{"self":[{"href":"https:\/\/agarabenidorm.com\/en\/wp-json\/wp\/v2\/product\/247063","targetHints":{"allow":["GET"]}}],"collection":[{"href":"https:\/\/agarabenidorm.com\/en\/wp-json\/wp\/v2\/product"}],"about":[{"href":"https:\/\/agarabenidorm.com\/en\/wp-json\/wp\/v2\/types\/product"}],"replies":[{"embeddable":true,"href":"https:\/\/agarabenidorm.com\/en\/wp-json\/wp\/v2\/comments?post=247063"}],"wp:featuredmedia":[{"embeddable":true,"href":"https:\/\/agarabenidorm.com\/en\/wp-json\/wp\/v2\/media\/254073"}],"wp:attachment":[{"href":"https:\/\/agarabenidorm.com\/en\/wp-json\/wp\/v2\/media?parent=247063"}],"wp:term":[{"taxonomy":"product_brand","embeddable":true,"href":"https:\/\/agarabenidorm.com\/en\/wp-json\/wp\/v2\/product_brand?post=247063"},{"taxonomy":"product_cat","embeddable":true,"href":"https:\/\/agarabenidorm.com\/en\/wp-json\/wp\/v2\/product_cat?post=247063"},{"taxonomy":"product_tag","embeddable":true,"href":"https:\/\/agarabenidorm.com\/en\/wp-json\/wp\/v2\/product_tag?post=247063"}],"curies":[{"name":"wp","href":"https:\/\/api.w.org\/{rel}","templated":true}]}}