{"id":5667,"date":"2023-05-26T14:18:49","date_gmt":"2023-05-26T12:18:49","guid":{"rendered":"https:\/\/nueva.agarabenidorm.com\/producto\/tinte-global-100ml-broaer-1-0\/"},"modified":"2026-04-22T13:38:47","modified_gmt":"2026-04-22T11:38:47","slug":"tinte-global-100ml-broaer-1-0","status":"publish","type":"product","link":"https:\/\/agarabenidorm.com\/en\/producto\/tinte-global-100ml-broaer-1-0\/","title":{"rendered":"TINTE GLOBAL 100ML BROAER 1.0"},"content":{"rendered":"<p>Para todo tipo de cabellos. Amplia gama de colores. Sinergia entre la alta calidad de los pigmentos combinados con una f\u00f3rmula especial de bajo contenido en amoniaco. F\u00f3rmula rica en acondicionadores y sustancias reestructurantes que ayudan a respeta<\/p>\n","protected":false},"excerpt":{"rendered":"<p>Para todo tipo de cabellos. Amplia gama de colores. Sinergia entre la alta calidad de los pigmentos combinados con una f\u00f3rmula especial de bajo contenido en amoniaco. F\u00f3rmula rica en acondicionadores y sustancias reestructurantes que ayudan a respeta<\/p>\n","protected":false},"featured_media":258073,"comment_status":"open","ping_status":"closed","template":"","meta":{"_acf_changed":false},"product_brand":[485],"product_cat":[169],"product_tag":[],"class_list":{"0":"post-5667","1":"product","2":"type-product","3":"status-publish","4":"has-post-thumbnail","6":"product_brand-broaer","7":"product_cat-ceras-roll-on","9":"first","10":"instock","11":"taxable","12":"shipping-taxable","13":"purchasable","14":"product-type-simple"},"acf":[],"yoast_head":"<!-- This site is optimized with the Yoast SEO plugin v27.4 - https:\/\/yoast.com\/product\/yoast-seo-wordpress\/ -->\n<title>TINTE GLOBAL 100ML BROAER 1.0 - Agarabenidorm.com - Centro formaci\u00f3n y tienda de belleza<\/title>\n<meta name=\"robots\" content=\"index, follow, max-snippet:-1, max-image-preview:large, max-video-preview:-1\" \/>\n<link rel=\"canonical\" href=\"https:\/\/agarabenidorm.com\/producto\/tinte-global-100ml-broaer-1-0\/\" \/>\n<meta property=\"og:locale\" content=\"en_US\" \/>\n<meta property=\"og:type\" content=\"article\" \/>\n<meta property=\"og:title\" content=\"TINTE GLOBAL 100ML BROAER 1.0 - Agarabenidorm.com - Centro formaci\u00f3n y tienda de belleza\" \/>\n<meta property=\"og:description\" content=\"Para todo tipo de cabellos. Amplia gama de colores. Sinergia entre la alta calidad de los pigmentos combinados con una f\u00f3rmula especial de bajo contenido en amoniaco. F\u00f3rmula rica en acondicionadores y sustancias reestructurantes que ayudan a respeta\" \/>\n<meta property=\"og:url\" content=\"https:\/\/agarabenidorm.com\/producto\/tinte-global-100ml-broaer-1-0\/\" \/>\n<meta property=\"og:site_name\" content=\"Agarabenidorm.com - Centro formaci\u00f3n y tienda de belleza\" \/>\n<meta property=\"article:modified_time\" content=\"2026-04-22T11:38:47+00:00\" \/>\n<meta property=\"og:image\" content=\"https:\/\/agarabenidorm.com\/wp-content\/uploads\/2025\/11\/br0001-1.jpg\" \/>\n\t<meta property=\"og:image:width\" content=\"768\" \/>\n\t<meta property=\"og:image:height\" content=\"1024\" \/>\n\t<meta property=\"og:image:type\" content=\"image\/jpeg\" \/>\n<meta name=\"twitter:card\" content=\"summary_large_image\" \/>\n<script type=\"application\/ld+json\" class=\"yoast-schema-graph\">{\"@context\":\"https:\\\/\\\/schema.org\",\"@graph\":[{\"@type\":\"WebPage\",\"@id\":\"https:\\\/\\\/agarabenidorm.com\\\/producto\\\/tinte-global-100ml-broaer-1-0\\\/\",\"url\":\"https:\\\/\\\/agarabenidorm.com\\\/producto\\\/tinte-global-100ml-broaer-1-0\\\/\",\"name\":\"TINTE GLOBAL 100ML BROAER 1.0 - Agarabenidorm.com - Centro formaci\u00f3n y tienda de belleza\",\"isPartOf\":{\"@id\":\"https:\\\/\\\/agarabenidorm.com\\\/#website\"},\"primaryImageOfPage\":{\"@id\":\"https:\\\/\\\/agarabenidorm.com\\\/producto\\\/tinte-global-100ml-broaer-1-0\\\/#primaryimage\"},\"image\":{\"@id\":\"https:\\\/\\\/agarabenidorm.com\\\/producto\\\/tinte-global-100ml-broaer-1-0\\\/#primaryimage\"},\"thumbnailUrl\":\"https:\\\/\\\/agarabenidorm.com\\\/wp-content\\\/uploads\\\/2025\\\/11\\\/br0001-1.jpg\",\"datePublished\":\"2023-05-26T12:18:49+00:00\",\"dateModified\":\"2026-04-22T11:38:47+00:00\",\"breadcrumb\":{\"@id\":\"https:\\\/\\\/agarabenidorm.com\\\/producto\\\/tinte-global-100ml-broaer-1-0\\\/#breadcrumb\"},\"inLanguage\":\"en-US\",\"potentialAction\":[{\"@type\":\"ReadAction\",\"target\":[\"https:\\\/\\\/agarabenidorm.com\\\/producto\\\/tinte-global-100ml-broaer-1-0\\\/\"]}]},{\"@type\":\"ImageObject\",\"inLanguage\":\"en-US\",\"@id\":\"https:\\\/\\\/agarabenidorm.com\\\/producto\\\/tinte-global-100ml-broaer-1-0\\\/#primaryimage\",\"url\":\"https:\\\/\\\/agarabenidorm.com\\\/wp-content\\\/uploads\\\/2025\\\/11\\\/br0001-1.jpg\",\"contentUrl\":\"https:\\\/\\\/agarabenidorm.com\\\/wp-content\\\/uploads\\\/2025\\\/11\\\/br0001-1.jpg\",\"width\":768,\"height\":1024},{\"@type\":\"BreadcrumbList\",\"@id\":\"https:\\\/\\\/agarabenidorm.com\\\/producto\\\/tinte-global-100ml-broaer-1-0\\\/#breadcrumb\",\"itemListElement\":[{\"@type\":\"ListItem\",\"position\":1,\"name\":\"Portada\",\"item\":\"https:\\\/\\\/agarabenidorm.com\\\/\"},{\"@type\":\"ListItem\",\"position\":2,\"name\":\"Tienda\",\"item\":\"https:\\\/\\\/agarabenidorm.com\\\/tienda\\\/\"},{\"@type\":\"ListItem\",\"position\":3,\"name\":\"TINTE GLOBAL 100ML BROAER 1.0\"}]},{\"@type\":\"WebSite\",\"@id\":\"https:\\\/\\\/agarabenidorm.com\\\/#website\",\"url\":\"https:\\\/\\\/agarabenidorm.com\\\/\",\"name\":\"Agarabenidorm.com - Centro formaci\u00f3n y tienda de belleza\",\"description\":\"Empresa de formaci\u00f3n y distribuci\u00f3n de productos peluquer\u00eda y est\u00e9tica\",\"potentialAction\":[{\"@type\":\"SearchAction\",\"target\":{\"@type\":\"EntryPoint\",\"urlTemplate\":\"https:\\\/\\\/agarabenidorm.com\\\/?s={search_term_string}\"},\"query-input\":{\"@type\":\"PropertyValueSpecification\",\"valueRequired\":true,\"valueName\":\"search_term_string\"}}],\"inLanguage\":\"en-US\"}]}<\/script>\n<!-- \/ Yoast SEO plugin. -->","yoast_head_json":{"title":"TINTE GLOBAL 100ML BROAER 1.0 - Agarabenidorm.com - Centro formaci\u00f3n y tienda de belleza","robots":{"index":"index","follow":"follow","max-snippet":"max-snippet:-1","max-image-preview":"max-image-preview:large","max-video-preview":"max-video-preview:-1"},"canonical":"https:\/\/agarabenidorm.com\/producto\/tinte-global-100ml-broaer-1-0\/","og_locale":"en_US","og_type":"article","og_title":"TINTE GLOBAL 100ML BROAER 1.0 - Agarabenidorm.com - Centro formaci\u00f3n y tienda de belleza","og_description":"Para todo tipo de cabellos. Amplia gama de colores. Sinergia entre la alta calidad de los pigmentos combinados con una f\u00f3rmula especial de bajo contenido en amoniaco. F\u00f3rmula rica en acondicionadores y sustancias reestructurantes que ayudan a respeta","og_url":"https:\/\/agarabenidorm.com\/producto\/tinte-global-100ml-broaer-1-0\/","og_site_name":"Agarabenidorm.com - Centro formaci\u00f3n y tienda de belleza","article_modified_time":"2026-04-22T11:38:47+00:00","og_image":[{"width":768,"height":1024,"url":"https:\/\/agarabenidorm.com\/wp-content\/uploads\/2025\/11\/br0001-1.jpg","type":"image\/jpeg"}],"twitter_card":"summary_large_image","schema":{"@context":"https:\/\/schema.org","@graph":[{"@type":"WebPage","@id":"https:\/\/agarabenidorm.com\/producto\/tinte-global-100ml-broaer-1-0\/","url":"https:\/\/agarabenidorm.com\/producto\/tinte-global-100ml-broaer-1-0\/","name":"TINTE GLOBAL 100ML BROAER 1.0 - Agarabenidorm.com - Centro formaci\u00f3n y tienda de belleza","isPartOf":{"@id":"https:\/\/agarabenidorm.com\/#website"},"primaryImageOfPage":{"@id":"https:\/\/agarabenidorm.com\/producto\/tinte-global-100ml-broaer-1-0\/#primaryimage"},"image":{"@id":"https:\/\/agarabenidorm.com\/producto\/tinte-global-100ml-broaer-1-0\/#primaryimage"},"thumbnailUrl":"https:\/\/agarabenidorm.com\/wp-content\/uploads\/2025\/11\/br0001-1.jpg","datePublished":"2023-05-26T12:18:49+00:00","dateModified":"2026-04-22T11:38:47+00:00","breadcrumb":{"@id":"https:\/\/agarabenidorm.com\/producto\/tinte-global-100ml-broaer-1-0\/#breadcrumb"},"inLanguage":"en-US","potentialAction":[{"@type":"ReadAction","target":["https:\/\/agarabenidorm.com\/producto\/tinte-global-100ml-broaer-1-0\/"]}]},{"@type":"ImageObject","inLanguage":"en-US","@id":"https:\/\/agarabenidorm.com\/producto\/tinte-global-100ml-broaer-1-0\/#primaryimage","url":"https:\/\/agarabenidorm.com\/wp-content\/uploads\/2025\/11\/br0001-1.jpg","contentUrl":"https:\/\/agarabenidorm.com\/wp-content\/uploads\/2025\/11\/br0001-1.jpg","width":768,"height":1024},{"@type":"BreadcrumbList","@id":"https:\/\/agarabenidorm.com\/producto\/tinte-global-100ml-broaer-1-0\/#breadcrumb","itemListElement":[{"@type":"ListItem","position":1,"name":"Portada","item":"https:\/\/agarabenidorm.com\/"},{"@type":"ListItem","position":2,"name":"Tienda","item":"https:\/\/agarabenidorm.com\/tienda\/"},{"@type":"ListItem","position":3,"name":"TINTE GLOBAL 100ML BROAER 1.0"}]},{"@type":"WebSite","@id":"https:\/\/agarabenidorm.com\/#website","url":"https:\/\/agarabenidorm.com\/","name":"Agarabenidorm.com - Centro formaci\u00f3n y tienda de belleza","description":"Empresa de formaci\u00f3n y distribuci\u00f3n de productos peluquer\u00eda y est\u00e9tica","potentialAction":[{"@type":"SearchAction","target":{"@type":"EntryPoint","urlTemplate":"https:\/\/agarabenidorm.com\/?s={search_term_string}"},"query-input":{"@type":"PropertyValueSpecification","valueRequired":true,"valueName":"search_term_string"}}],"inLanguage":"en-US"}]}},"_links":{"self":[{"href":"https:\/\/agarabenidorm.com\/en\/wp-json\/wp\/v2\/product\/5667","targetHints":{"allow":["GET"]}}],"collection":[{"href":"https:\/\/agarabenidorm.com\/en\/wp-json\/wp\/v2\/product"}],"about":[{"href":"https:\/\/agarabenidorm.com\/en\/wp-json\/wp\/v2\/types\/product"}],"replies":[{"embeddable":true,"href":"https:\/\/agarabenidorm.com\/en\/wp-json\/wp\/v2\/comments?post=5667"}],"wp:featuredmedia":[{"embeddable":true,"href":"https:\/\/agarabenidorm.com\/en\/wp-json\/wp\/v2\/media\/258073"}],"wp:attachment":[{"href":"https:\/\/agarabenidorm.com\/en\/wp-json\/wp\/v2\/media?parent=5667"}],"wp:term":[{"taxonomy":"product_brand","embeddable":true,"href":"https:\/\/agarabenidorm.com\/en\/wp-json\/wp\/v2\/product_brand?post=5667"},{"taxonomy":"product_cat","embeddable":true,"href":"https:\/\/agarabenidorm.com\/en\/wp-json\/wp\/v2\/product_cat?post=5667"},{"taxonomy":"product_tag","embeddable":true,"href":"https:\/\/agarabenidorm.com\/en\/wp-json\/wp\/v2\/product_tag?post=5667"}],"curies":[{"name":"wp","href":"https:\/\/api.w.org\/{rel}","templated":true}]}}